{"id":172,"date":"2018-04-22T09:29:28","date_gmt":"2018-04-22T09:29:28","guid":{"rendered":"http:\/\/physiozentrum-binder.de\/?page_id=172"},"modified":"2019-06-10T12:08:24","modified_gmt":"2019-06-10T12:08:24","slug":"ueber-uns","status":"publish","type":"page","link":"https:\/\/physiozentrum-binder.de\/index.php\/mesmerize\/ueber-uns\/","title":{"rendered":"\u00dcber uns"},"content":{"rendered":"<p>Seit 1986 sind wir selbstst\u00e4ndig in Nagold. Begonnen haben wir in der Turmstra\u00dfe. Aufgrund einer notwendigen<br \/>\nErweiterung zogen wir 1998 in die Herrenbergerstra\u00dfe 9 um.<\/p>\n<p>Im Jahre 2007 haben wir uns weiter vergr\u00f6\u00dfert \u2013 neue Therapiespektren kamen dazu, so dass wir zus\u00e4tzlich ein Physiotherapie- und Rehazentrum in der Freudenst\u00e4dter Stra\u00dfe er\u00f6ffnet haben.<\/p>\n<p>Die Physiotherapie entwickelt sich fachlich wie wissenschaftlich in gro\u00dfen Schritten weiter, die Spezialisierungen nehmen immer mehr an Qualit\u00e4t und Umfang zu. Das hat uns bewogen, die Praxen in der Herrenberger Str. 9 und der Freudenst\u00e4dter Str. 5 in ein gro\u00dfes Zentrum zusammenzuf\u00fchren.<\/p>\n<p>Diese einmalige Zentrumsstruktur er\u00f6ffnet, durch die B\u00fcndelung der Ressourcen von zwei Standorten, eine neue fachliche Perspektive und M\u00f6glichkeiten.<br \/>\nAls neues gro\u00dfes Spezialgebiet kommt die Behandlung chronischer Schmerzpatienten hinzu, sowie die Nachbetreuung aller Patienten nach einer Terti\u00e4rpr\u00e4vention (Physiotherapie auf Rezept).<\/p>\n<p>Daf\u00fcr sind wir zuk\u00fcnftig gewappnet, r\u00e4umlich wie personell.<\/p>\n<p>Hier finden Sie unsere Unternehmenspr\u00e4sentation:<\/p>\n<div class='embed-container'><iframe loading=\"lazy\" title=\"Binder Physiotherapie 2019\" width=\"1920\" height=\"1080\" src=\"https:\/\/www.youtube.com\/embed\/GDXS_4GyxFs?feature=oembed\" frameborder=\"0\" allow=\"accelerometer; autoplay; clipboard-write; encrypted-media; gyroscope; picture-in-picture\" allowfullscreen><\/iframe><\/div>\n<p><img loading=\"lazy\" decoding=\"async\" class=\"wp-image-47 alignleft\" src=\"http:\/\/physiozentrum-binder.de\/wp-content\/uploads\/2018\/04\/Empfang-1_RGB-300x200.jpg\" alt=\"\" width=\"400\" height=\"267\" srcset=\"https:\/\/physiozentrum-binder.de\/wp-content\/uploads\/2018\/04\/Empfang-1_RGB-300x200.jpg 300w, https:\/\/physiozentrum-binder.de\/wp-content\/uploads\/2018\/04\/Empfang-1_RGB-768x512.jpg 768w, https:\/\/physiozentrum-binder.de\/wp-content\/uploads\/2018\/04\/Empfang-1_RGB-1024x683.jpg 1024w, https:\/\/physiozentrum-binder.de\/wp-content\/uploads\/2018\/04\/Empfang-1_RGB.jpg 1512w\" sizes=\"(max-width: 400px) 100vw, 400px\" \/><\/p>\n<p><img loading=\"lazy\" decoding=\"async\" class=\"wp-image-145 alignleft\" src=\"http:\/\/physiozentrum-binder.de\/wp-content\/uploads\/2018\/04\/Wartezimmer-1_RGB-300x200.jpg\" alt=\"\" width=\"400\" height=\"267\" srcset=\"https:\/\/physiozentrum-binder.de\/wp-content\/uploads\/2018\/04\/Wartezimmer-1_RGB-300x200.jpg 300w, https:\/\/physiozentrum-binder.de\/wp-content\/uploads\/2018\/04\/Wartezimmer-1_RGB-768x512.jpg 768w, https:\/\/physiozentrum-binder.de\/wp-content\/uploads\/2018\/04\/Wartezimmer-1_RGB-1024x683.jpg 1024w, https:\/\/physiozentrum-binder.de\/wp-content\/uploads\/2018\/04\/Wartezimmer-1_RGB-1620x1080.jpg 1620w\" sizes=\"(max-width: 400px) 100vw, 400px\" \/><\/p>\n<p><img loading=\"lazy\" decoding=\"async\" class=\"wp-image-95 alignleft\" src=\"http:\/\/physiozentrum-binder.de\/wp-content\/uploads\/2018\/04\/Behandlungsraum-7_RGB-300x200.jpg\" alt=\"\" width=\"400\" height=\"267\" srcset=\"https:\/\/physiozentrum-binder.de\/wp-content\/uploads\/2018\/04\/Behandlungsraum-7_RGB-300x200.jpg 300w, https:\/\/physiozentrum-binder.de\/wp-content\/uploads\/2018\/04\/Behandlungsraum-7_RGB-768x512.jpg 768w, https:\/\/physiozentrum-binder.de\/wp-content\/uploads\/2018\/04\/Behandlungsraum-7_RGB-1024x683.jpg 1024w, https:\/\/physiozentrum-binder.de\/wp-content\/uploads\/2018\/04\/Behandlungsraum-7_RGB-1620x1080.jpg 1620w\" sizes=\"(max-width: 400px) 100vw, 400px\" \/><\/p>\n<p><img loading=\"lazy\" decoding=\"async\" class=\"alignnone wp-image-102 alignleft\" src=\"http:\/\/physiozentrum-binder.de\/wp-content\/uploads\/2018\/04\/Empfang-4_RGB-300x200.jpg\" alt=\"\" width=\"400\" height=\"266\" srcset=\"https:\/\/physiozentrum-binder.de\/wp-content\/uploads\/2018\/04\/Empfang-4_RGB-300x200.jpg 300w, https:\/\/physiozentrum-binder.de\/wp-content\/uploads\/2018\/04\/Empfang-4_RGB-768x512.jpg 768w, https:\/\/physiozentrum-binder.de\/wp-content\/uploads\/2018\/04\/Empfang-4_RGB-1024x683.jpg 1024w, https:\/\/physiozentrum-binder.de\/wp-content\/uploads\/2018\/04\/Empfang-4_RGB-1620x1080.jpg 1620w\" sizes=\"(max-width: 400px) 100vw, 400px\" \/><\/p>\n","protected":false},"excerpt":{"rendered":"<p>Seit 1986 sind wir selbstst\u00e4ndig in Nagold. Begonnen haben wir in der Turmstra\u00dfe. Aufgrund einer notwendigen Erweiterung zogen wir 1998 in die Herrenbergerstra\u00dfe 9 um. Im Jahre 2007 haben wir uns weiter vergr\u00f6\u00dfert \u2013 neue Therapiespektren kamen dazu, so dass wir zus\u00e4tzlich ein Physiotherapie- und Rehazentrum in der Freudenst\u00e4dter Stra\u00dfe er\u00f6ffnet haben. Die Physiotherapie entwickelt&hellip; <br \/> <a class=\"read-more\" href=\"https:\/\/physiozentrum-binder.de\/index.php\/mesmerize\/ueber-uns\/\">Weiterlesen<\/a><\/p>\n","protected":false},"author":2,"featured_media":0,"parent":41,"menu_order":0,"comment_status":"closed","ping_status":"closed","template":"","meta":{"om_disable_all_campaigns":false,"_monsterinsights_skip_tracking":false,"_monsterinsights_sitenote_active":false,"_monsterinsights_sitenote_note":"","_monsterinsights_sitenote_category":0,"_uf_show_specific_survey":0,"_uf_disable_surveys":false,"footnotes":""},"class_list":["post-172","page","type-page","status-publish","hentry"],"_links":{"self":[{"href":"https:\/\/physiozentrum-binder.de\/index.php\/wp-json\/wp\/v2\/pages\/172"}],"collection":[{"href":"https:\/\/physiozentrum-binder.de\/index.php\/wp-json\/wp\/v2\/pages"}],"about":[{"href":"https:\/\/physiozentrum-binder.de\/index.php\/wp-json\/wp\/v2\/types\/page"}],"author":[{"embeddable":true,"href":"https:\/\/physiozentrum-binder.de\/index.php\/wp-json\/wp\/v2\/users\/2"}],"replies":[{"embeddable":true,"href":"https:\/\/physiozentrum-binder.de\/index.php\/wp-json\/wp\/v2\/comments?post=172"}],"version-history":[{"count":7,"href":"https:\/\/physiozentrum-binder.de\/index.php\/wp-json\/wp\/v2\/pages\/172\/revisions"}],"predecessor-version":[{"id":445,"href":"https:\/\/physiozentrum-binder.de\/index.php\/wp-json\/wp\/v2\/pages\/172\/revisions\/445"}],"up":[{"embeddable":true,"href":"https:\/\/physiozentrum-binder.de\/index.php\/wp-json\/wp\/v2\/pages\/41"}],"wp:attachment":[{"href":"https:\/\/physiozentrum-binder.de\/index.php\/wp-json\/wp\/v2\/media?parent=172"}],"curies":[{"name":"wp","href":"https:\/\/api.w.org\/{rel}","templated":true}]}}