{"id":183,"date":"2018-04-22T10:10:00","date_gmt":"2018-04-22T10:10:00","guid":{"rendered":"http:\/\/physiozentrum-binder.de\/?page_id=183"},"modified":"2018-06-04T20:13:00","modified_gmt":"2018-06-04T20:13:00","slug":"behandlungen","status":"publish","type":"page","link":"https:\/\/physiozentrum-binder.de\/index.php\/mesmerize\/behandlungen\/","title":{"rendered":"Behandlungen"},"content":{"rendered":"<ul>\n<li>Krankengymnastik<br \/>\nWirbels\u00e4ule, H\u00fcfte, Schulter, Knie u.a.<br \/>\nBeckenbodengymnastik M\u00e4nner und Frauen<br \/>\nAtemtherapie<br \/>\nR\u00fcckbildung nach Schwangerschaft<br \/>\nSkoliosetherapie<br \/>\nuvm.<\/li>\n<\/ul>\n<p>&nbsp;<\/p>\n<ul>\n<li>Krankengymnastik nach Bobath und PNF\n<ul>\n<li>Bobath-Konzept ist eine physiotherapeutische Behandlungsmethode zur Therapie von Patienten mit neurologischen Sch\u00e4digungen. Es wird eine Verbesserung der zentralen Kontrolle, der Motorik und der Sensorik angestrebt.<\/li>\n<li>PNF-Konzept (Propriozeptive Neuromuskul\u00e4re Fazilitation) ist ein Zusammenspiel von Muskulatur und Nerven. Die Wahrnehmung, sowie das Anbahnen und Neuerlernen von Bewegungen soll geschult werden.<\/li>\n<\/ul>\n<\/li>\n<\/ul>\n<p>&nbsp;<\/p>\n<ul>\n<li>Manuelle Therapie: Sie baut auf den Grundlagenwissenschaften auf, ist empirisch entstanden und sucht mit Hilfe der<br \/>\nEvidence Based Medicine eine Zusammenarbeit mit der akademischen Medizin<\/li>\n<\/ul>\n<p>&nbsp;<\/p>\n<ul>\n<li>KG-Ger\u00e4t \/ Medizinische Trainingstherapie: prim\u00e4re Kr\u00e4ftigung der Muskulatur unter rehabilitativ-medizinischen<br \/>\nVoraussetzungen, die den Heilmittelrichtlinien zugeordnet wird.<\/li>\n<\/ul>\n<p>&nbsp;<\/p>\n<ul>\n<li>Kiefergelenksbehandlung (CMD): \u00dcberbegriff f\u00fcr die Behandlung von strukturellen, funktionellen und neurologischen<br \/>\nFehlregulationen der Muskel- oder Gelenkfunktion der Kiefergelenke.<\/li>\n<\/ul>\n<p>&nbsp;<\/p>\n<ul>\n<li>Klassische Massagetherapie, wie z.B. Trigger- oder Bindegewebsmassagen.<\/li>\n<\/ul>\n<ul>\n<li>Traktion im Ger\u00e4t: Ist eine Behandlung mit vorsichtig dosierter Zugkraft auf Gelenke und Wirbels\u00e4ule.<\/li>\n<\/ul>\n<ul>\n<li>Manuelle Lymphdrainage: Ziel der Lymphdrainage ist die Beeinflussung des Fl\u00fcssigkeitshaushaltes des Gewebes und die<br \/>\nAnregung der Lymphmotorik.<\/li>\n<\/ul>\n<p>&nbsp;<\/p>\n<ul>\n<li>Midi-Lasertherapie: Strahlung dringt abh\u00e4ngig von der Leistungsdichte tief in das bestrahlte Gewebe ein, wird aber auch<br \/>\noberfl\u00e4chlich absorbiert. Einsatzgebiete: Wundheilung und Entz\u00fcndungshemmung.<\/li>\n<\/ul>\n<p>&nbsp;<\/p>\n<ul>\n<li>Alle Formen der Physikalischen Therapie, wie z.B. W\u00e4rme- und K\u00e4lteanwendungen, Elektrotherapie, Ultraschall.<\/li>\n<\/ul>\n<p>&nbsp;<\/p>\n<ul>\n<li>\u00a0Sektorale Heilpraktikerleistung, Fachgebiet Physiotherapie \/ orthop\u00e4dische Medizin.<br \/>\n=&gt; Direkter Erstkontakt mit uns m\u00f6glich ohne Verordnung.<\/li>\n<\/ul>\n<p>&nbsp;<\/p>\n<p><img loading=\"lazy\" decoding=\"async\" class=\"wp-image-124 alignleft\" src=\"http:\/\/physiozentrum-binder.de\/wp-content\/uploads\/2018\/04\/PNF-Bein-2_RGB-300x200.jpg\" alt=\"\" width=\"401\" height=\"267\" srcset=\"https:\/\/physiozentrum-binder.de\/wp-content\/uploads\/2018\/04\/PNF-Bein-2_RGB-300x200.jpg 300w, https:\/\/physiozentrum-binder.de\/wp-content\/uploads\/2018\/04\/PNF-Bein-2_RGB-768x512.jpg 768w, https:\/\/physiozentrum-binder.de\/wp-content\/uploads\/2018\/04\/PNF-Bein-2_RGB-1024x683.jpg 1024w, https:\/\/physiozentrum-binder.de\/wp-content\/uploads\/2018\/04\/PNF-Bein-2_RGB-1620x1080.jpg 1620w\" sizes=\"(max-width: 401px) 100vw, 401px\" \/><\/p>\n<p><img loading=\"lazy\" decoding=\"async\" class=\"wp-image-105 alignleft\" src=\"http:\/\/physiozentrum-binder.de\/wp-content\/uploads\/2018\/04\/HWS-Behandlung-1_RGB-300x200.jpg\" alt=\"\" width=\"401\" height=\"267\" srcset=\"https:\/\/physiozentrum-binder.de\/wp-content\/uploads\/2018\/04\/HWS-Behandlung-1_RGB-300x200.jpg 300w, https:\/\/physiozentrum-binder.de\/wp-content\/uploads\/2018\/04\/HWS-Behandlung-1_RGB-768x512.jpg 768w, https:\/\/physiozentrum-binder.de\/wp-content\/uploads\/2018\/04\/HWS-Behandlung-1_RGB-1024x683.jpg 1024w, https:\/\/physiozentrum-binder.de\/wp-content\/uploads\/2018\/04\/HWS-Behandlung-1_RGB-1620x1080.jpg 1620w\" sizes=\"(max-width: 401px) 100vw, 401px\" \/><\/p>\n<p><img loading=\"lazy\" decoding=\"async\" class=\"wp-image-111 alignleft\" src=\"http:\/\/physiozentrum-binder.de\/wp-content\/uploads\/2018\/04\/Massage-2_RGB-300x200.jpg\" alt=\"\" width=\"401\" height=\"267\" srcset=\"https:\/\/physiozentrum-binder.de\/wp-content\/uploads\/2018\/04\/Massage-2_RGB-300x200.jpg 300w, https:\/\/physiozentrum-binder.de\/wp-content\/uploads\/2018\/04\/Massage-2_RGB-768x512.jpg 768w, https:\/\/physiozentrum-binder.de\/wp-content\/uploads\/2018\/04\/Massage-2_RGB-1024x683.jpg 1024w, https:\/\/physiozentrum-binder.de\/wp-content\/uploads\/2018\/04\/Massage-2_RGB-1620x1080.jpg 1620w\" sizes=\"(max-width: 401px) 100vw, 401px\" \/><\/p>\n<p><img loading=\"lazy\" decoding=\"async\" class=\"wp-image-122 alignleft\" src=\"http:\/\/physiozentrum-binder.de\/wp-content\/uploads\/2018\/04\/PNF-Arm-3_RGB-300x200.jpg\" alt=\"\" width=\"401\" height=\"267\" srcset=\"https:\/\/physiozentrum-binder.de\/wp-content\/uploads\/2018\/04\/PNF-Arm-3_RGB-300x200.jpg 300w, https:\/\/physiozentrum-binder.de\/wp-content\/uploads\/2018\/04\/PNF-Arm-3_RGB-768x512.jpg 768w, https:\/\/physiozentrum-binder.de\/wp-content\/uploads\/2018\/04\/PNF-Arm-3_RGB-1024x683.jpg 1024w, https:\/\/physiozentrum-binder.de\/wp-content\/uploads\/2018\/04\/PNF-Arm-3_RGB-1620x1080.jpg 1620w\" sizes=\"(max-width: 401px) 100vw, 401px\" \/><\/p>\n<p>&nbsp;<\/p>\n<p><img loading=\"lazy\" decoding=\"async\" class=\"wp-image-115 alignleft\" src=\"http:\/\/physiozentrum-binder.de\/wp-content\/uploads\/2018\/04\/MT-Therapie-1_RGB-300x200.jpg\" alt=\"\" width=\"401\" height=\"267\" srcset=\"https:\/\/physiozentrum-binder.de\/wp-content\/uploads\/2018\/04\/MT-Therapie-1_RGB-300x200.jpg 300w, https:\/\/physiozentrum-binder.de\/wp-content\/uploads\/2018\/04\/MT-Therapie-1_RGB-768x512.jpg 768w, https:\/\/physiozentrum-binder.de\/wp-content\/uploads\/2018\/04\/MT-Therapie-1_RGB-1024x683.jpg 1024w, https:\/\/physiozentrum-binder.de\/wp-content\/uploads\/2018\/04\/MT-Therapie-1_RGB-1619x1080.jpg 1619w\" sizes=\"(max-width: 401px) 100vw, 401px\" \/><\/p>\n<p><img loading=\"lazy\" decoding=\"async\" class=\"wp-image-118 alignleft\" src=\"http:\/\/physiozentrum-binder.de\/wp-content\/uploads\/2018\/04\/MT-Therapie-4_RGB-300x200.jpg\" alt=\"\" width=\"401\" height=\"267\" srcset=\"https:\/\/physiozentrum-binder.de\/wp-content\/uploads\/2018\/04\/MT-Therapie-4_RGB-300x200.jpg 300w, https:\/\/physiozentrum-binder.de\/wp-content\/uploads\/2018\/04\/MT-Therapie-4_RGB-768x512.jpg 768w, https:\/\/physiozentrum-binder.de\/wp-content\/uploads\/2018\/04\/MT-Therapie-4_RGB-1024x683.jpg 1024w, https:\/\/physiozentrum-binder.de\/wp-content\/uploads\/2018\/04\/MT-Therapie-4_RGB-1620x1080.jpg 1620w\" sizes=\"(max-width: 401px) 100vw, 401px\" \/><\/p>\n","protected":false},"excerpt":{"rendered":"<p>Krankengymnastik Wirbels\u00e4ule, H\u00fcfte, Schulter, Knie u.a. Beckenbodengymnastik M\u00e4nner und Frauen Atemtherapie R\u00fcckbildung nach Schwangerschaft Skoliosetherapie uvm. &nbsp; Krankengymnastik nach Bobath und PNF Bobath-Konzept ist eine physiotherapeutische Behandlungsmethode zur Therapie von Patienten mit neurologischen Sch\u00e4digungen. Es wird eine Verbesserung der zentralen Kontrolle, der Motorik und der Sensorik angestrebt. PNF-Konzept (Propriozeptive Neuromuskul\u00e4re Fazilitation) ist ein Zusammenspiel von&hellip; <br \/> <a class=\"read-more\" href=\"https:\/\/physiozentrum-binder.de\/index.php\/mesmerize\/behandlungen\/\">Weiterlesen<\/a><\/p>\n","protected":false},"author":2,"featured_media":0,"parent":41,"menu_order":0,"comment_status":"closed","ping_status":"closed","template":"","meta":{"om_disable_all_campaigns":false,"_monsterinsights_skip_tracking":false,"_monsterinsights_sitenote_active":false,"_monsterinsights_sitenote_note":"","_monsterinsights_sitenote_category":0,"_uf_show_specific_survey":0,"_uf_disable_surveys":false,"footnotes":""},"class_list":["post-183","page","type-page","status-publish","hentry"],"_links":{"self":[{"href":"https:\/\/physiozentrum-binder.de\/index.php\/wp-json\/wp\/v2\/pages\/183"}],"collection":[{"href":"https:\/\/physiozentrum-binder.de\/index.php\/wp-json\/wp\/v2\/pages"}],"about":[{"href":"https:\/\/physiozentrum-binder.de\/index.php\/wp-json\/wp\/v2\/types\/page"}],"author":[{"embeddable":true,"href":"https:\/\/physiozentrum-binder.de\/index.php\/wp-json\/wp\/v2\/users\/2"}],"replies":[{"embeddable":true,"href":"https:\/\/physiozentrum-binder.de\/index.php\/wp-json\/wp\/v2\/comments?post=183"}],"version-history":[{"count":3,"href":"https:\/\/physiozentrum-binder.de\/index.php\/wp-json\/wp\/v2\/pages\/183\/revisions"}],"predecessor-version":[{"id":284,"href":"https:\/\/physiozentrum-binder.de\/index.php\/wp-json\/wp\/v2\/pages\/183\/revisions\/284"}],"up":[{"embeddable":true,"href":"https:\/\/physiozentrum-binder.de\/index.php\/wp-json\/wp\/v2\/pages\/41"}],"wp:attachment":[{"href":"https:\/\/physiozentrum-binder.de\/index.php\/wp-json\/wp\/v2\/media?parent=183"}],"curies":[{"name":"wp","href":"https:\/\/api.w.org\/{rel}","templated":true}]}}