{"id":187,"date":"2018-04-22T10:39:22","date_gmt":"2018-04-22T10:39:22","guid":{"rendered":"http:\/\/physiozentrum-binder.de\/?page_id=187"},"modified":"2018-06-04T20:13:26","modified_gmt":"2018-06-04T20:13:26","slug":"geraetetraining","status":"publish","type":"page","link":"https:\/\/physiozentrum-binder.de\/index.php\/mesmerize\/geraetetraining\/","title":{"rendered":"Ger\u00e4tetraining"},"content":{"rendered":"<h2>Computer\u00adunterst\u00fctzte medizinische<br \/>\nTrainingstherapie (MTT\/KGG)<\/h2>\n<p>Um auf akute und chronische Beschwerden des Bewegungsapparates und der Muskulatur einzugehen und zu behandeln, ist neben der klassischen Physiotherapie und Krankengymnastik das medizinische Ger\u00e4tetraining ein sehr wichtiger Therapiebaustein. Medizinisches Ger\u00e4tetraining kann nur von speziell ausgebildeten Fachkr\u00e4ften geleistet werden.<\/p>\n<p>Unser medizinisches Ger\u00e4tetraining ist auf Beschwerden des gesamten Bewegungsapparates und der Muskulatur ausgerichtet, d.h. Wirbels\u00e4ule, Schulter, Knie und H\u00fcfte.<\/p>\n<p>Vor der ersten Behandlung wird eine Anamnese durchgef\u00fchrt und ein individueller Plan auf Ihre Bed\u00fcrfnisse und Beschwerden erstellt. Das Training erfolgt in einer Gruppe, welche immer von einem Physiotherapeuten beaufsichtigt wird.<\/p>\n<p>Die Ger\u00e4te sind so konzipiert, als w\u00fcrde ein erfahrener Physiotherapeut bei der Ausf\u00fchrung der \u00dcbungen zur Seite stehen. Eine Software hilft bei dem gezielten Beanspruchen verschiedenster Muskelgruppen und der Dokumentation von Trainingserfolgen.<\/p>\n<p>Die Ger\u00e4te \u00fcberzeugen mit Leistungsf\u00e4higkeit und ger\u00e4uscharmen Antrieben. Je nach Trainingsziel bieten sich die Produkte sowohl f\u00fcr Anf\u00e4nger als auch f\u00fcr Profis an, die ihre physische Leistungsf\u00e4higkeit enorm verbessern und einen wichtigen gesundheitlichen Beitrag leisten wollen.<\/p>\n<p><img loading=\"lazy\" decoding=\"async\" class=\"alignnone wp-image-144\" src=\"http:\/\/physiozentrum-binder.de\/wp-content\/uploads\/2018\/04\/Trainingsraum-1OG_3_RGB-300x200.jpg\" alt=\"\" width=\"401\" height=\"267\" srcset=\"https:\/\/physiozentrum-binder.de\/wp-content\/uploads\/2018\/04\/Trainingsraum-1OG_3_RGB-300x200.jpg 300w, https:\/\/physiozentrum-binder.de\/wp-content\/uploads\/2018\/04\/Trainingsraum-1OG_3_RGB-768x512.jpg 768w, https:\/\/physiozentrum-binder.de\/wp-content\/uploads\/2018\/04\/Trainingsraum-1OG_3_RGB-1024x683.jpg 1024w, https:\/\/physiozentrum-binder.de\/wp-content\/uploads\/2018\/04\/Trainingsraum-1OG_3_RGB-1620x1080.jpg 1620w\" sizes=\"(max-width: 401px) 100vw, 401px\" \/><img loading=\"lazy\" decoding=\"async\" class=\"wp-image-126 alignleft\" src=\"http:\/\/physiozentrum-binder.de\/wp-content\/uploads\/2018\/04\/Seilzug-3_Beratung_RGB-300x200.jpg\" alt=\"\" width=\"399\" height=\"266\" srcset=\"https:\/\/physiozentrum-binder.de\/wp-content\/uploads\/2018\/04\/Seilzug-3_Beratung_RGB-300x200.jpg 300w, https:\/\/physiozentrum-binder.de\/wp-content\/uploads\/2018\/04\/Seilzug-3_Beratung_RGB-768x512.jpg 768w, https:\/\/physiozentrum-binder.de\/wp-content\/uploads\/2018\/04\/Seilzug-3_Beratung_RGB-1024x683.jpg 1024w, https:\/\/physiozentrum-binder.de\/wp-content\/uploads\/2018\/04\/Seilzug-3_Beratung_RGB-1620x1080.jpg 1620w\" sizes=\"(max-width: 399px) 100vw, 399px\" \/><\/p>\n<p><img loading=\"lazy\" decoding=\"async\" class=\"wp-image-142 alignleft\" src=\"http:\/\/physiozentrum-binder.de\/wp-content\/uploads\/2018\/04\/Trainingsraum-1OG_1_RGB-300x200.jpg\" alt=\"\" width=\"401\" height=\"267\" srcset=\"https:\/\/physiozentrum-binder.de\/wp-content\/uploads\/2018\/04\/Trainingsraum-1OG_1_RGB-300x200.jpg 300w, https:\/\/physiozentrum-binder.de\/wp-content\/uploads\/2018\/04\/Trainingsraum-1OG_1_RGB-768x512.jpg 768w, https:\/\/physiozentrum-binder.de\/wp-content\/uploads\/2018\/04\/Trainingsraum-1OG_1_RGB-1024x683.jpg 1024w, https:\/\/physiozentrum-binder.de\/wp-content\/uploads\/2018\/04\/Trainingsraum-1OG_1_RGB-1620x1080.jpg 1620w\" sizes=\"(max-width: 401px) 100vw, 401px\" \/><\/p>\n<p><img loading=\"lazy\" decoding=\"async\" class=\"wp-image-109 alignleft\" src=\"http:\/\/physiozentrum-binder.de\/wp-content\/uploads\/2018\/04\/Laufband-4_RGB-200x300.jpg\" alt=\"\" width=\"179\" height=\"269\" srcset=\"https:\/\/physiozentrum-binder.de\/wp-content\/uploads\/2018\/04\/Laufband-4_RGB-200x300.jpg 200w, https:\/\/physiozentrum-binder.de\/wp-content\/uploads\/2018\/04\/Laufband-4_RGB-768x1152.jpg 768w, https:\/\/physiozentrum-binder.de\/wp-content\/uploads\/2018\/04\/Laufband-4_RGB-683x1024.jpg 683w, https:\/\/physiozentrum-binder.de\/wp-content\/uploads\/2018\/04\/Laufband-4_RGB-1024x1536.jpg 1024w, https:\/\/physiozentrum-binder.de\/wp-content\/uploads\/2018\/04\/Laufband-4_RGB-720x1080.jpg 720w, https:\/\/physiozentrum-binder.de\/wp-content\/uploads\/2018\/04\/Laufband-4_RGB.jpg 1344w\" sizes=\"(max-width: 179px) 100vw, 179px\" \/><\/p>\n<p>&nbsp;<\/p>\n<p>&nbsp;<\/p>\n<p>&nbsp;<\/p>\n<p>&nbsp;<\/p>\n<p>&nbsp;<\/p>\n<p>&nbsp;<\/p>\n<p>&nbsp;<\/p>\n<p>&nbsp;<\/p>\n<h2><\/h2>\n<h2><\/h2>\n<h2>SENSOPRO<\/h2>\n<p><strong>DIE BEDEUTUNG DER KOORDINATION<\/strong><br \/>\nDie Relevanz der koordinativen F\u00e4higkeiten kann nicht hoch genug eingesch\u00e4tzt werden. Sie ist bei s\u00e4mtlichen Alltagsbewegungen<br \/>\nund den allermeisten Sportarten von \u00fcberragender Bedeutung und h\u00e4ufig entscheidend f\u00fcr die Lebensqualit\u00e4t von \u00e4lteren<br \/>\nMenschen. Dennoch: ohne Trainer oder Therapeut arbeiten nur wenige Menschen gezielt und dauerhaft an dieser wichtigen<br \/>\nmotorischen F\u00e4higkeit. Dank seiner besonderen Konstruktion, die Koordinationstraining einfach, effektiv und attraktiv macht, r\u00fcckt<br \/>\nSensoPro diese Trainingsform in den Mittelpunkt.<\/p>\n<p><strong>KOORDINATION UNTER BELASTUNG<\/strong><br \/>\nNicht nur f\u00fcr Leistungssportler die mit dem SensoPro trainieren, wie der FC Basel, der FC Z\u00fcrich, der FC Br\u00fcgge aus Belgien, die<br \/>\nrussische Mannschaft aus Krasnodar und Manchester City, ist es im Sinne der Verletzungspr\u00e4vention und der Leistungssteigerung<br \/>\n\u00e4u\u00dferst empfehlenswert, Koordination unter Belastung zu trainieren.<br \/>\nVom Spitzensportler, \u00fcber den Workout-Fan bis hin zu Menschen \u00e4lteren Semesters\/Senioren die sich eine gewisse Grundfitness<br \/>\nwahren wollen, eignet sich der SensoPro ideal f\u00fcr die passende Trainingseinheit.<br \/>\nDer SensoPro Trainer beansprucht w\u00e4hrend jeder Trainingseinheit die Muskelketten des ganzen K\u00f6rpers und aktiviert sie<br \/>\nmit immer neuen Reizmustern. Es ist ein Trainingsger\u00e4t f\u00fcr alle Sportarten, bei denen eine gut ausgebildete Rumpf- und<br \/>\nHaltemuskulatur von zentraler Bedeutung ist und in denen auch Koordination, Kraft, Gleichgewicht und Reaktionsverm\u00f6gen im<br \/>\nRaum eine wichtige Rolle einnehmen.<\/p>\n<p><strong>MEHRWERT F\u00dcR ALLE<\/strong><br \/>\nDie Bandbreite an Menschen, die aus dem SensoPro-Training einen m\u00f6glichen Nutzen zieht, liegt zwischen dem Parkinson-<br \/>\nPatienten auf der einen Seite und dem Spitzensportler auf der anderen.<br \/>\nDer SensoPro-Trainer, der Spa\u00df bereitet aber auch effektive \u00dcbungen erm\u00f6glicht, strebt ein anspruchsvolles<br \/>\nPropriozeptionstraining an.<\/p>\n<p>Wenn Sie Interesse an unserem SensoPro Training haben, sprechen Sie uns gerne dazu an!<\/p>\n<p><img loading=\"lazy\" decoding=\"async\" class=\" wp-image-128 alignleft\" src=\"http:\/\/physiozentrum-binder.de\/wp-content\/uploads\/2018\/04\/SensoPro-1_RGB-200x300.jpg\" alt=\"\" width=\"250\" height=\"375\" srcset=\"https:\/\/physiozentrum-binder.de\/wp-content\/uploads\/2018\/04\/SensoPro-1_RGB-200x300.jpg 200w, https:\/\/physiozentrum-binder.de\/wp-content\/uploads\/2018\/04\/SensoPro-1_RGB-768x1152.jpg 768w, https:\/\/physiozentrum-binder.de\/wp-content\/uploads\/2018\/04\/SensoPro-1_RGB-683x1024.jpg 683w, https:\/\/physiozentrum-binder.de\/wp-content\/uploads\/2018\/04\/SensoPro-1_RGB-1024x1536.jpg 1024w, https:\/\/physiozentrum-binder.de\/wp-content\/uploads\/2018\/04\/SensoPro-1_RGB-720x1080.jpg 720w, https:\/\/physiozentrum-binder.de\/wp-content\/uploads\/2018\/04\/SensoPro-1_RGB.jpg 1344w\" sizes=\"(max-width: 250px) 100vw, 250px\" \/> <img loading=\"lazy\" decoding=\"async\" class=\"wp-image-131 alignleft\" src=\"http:\/\/physiozentrum-binder.de\/wp-content\/uploads\/2018\/04\/SensoPro-4_RGB-200x300.jpg\" alt=\"\" width=\"250\" height=\"375\" srcset=\"https:\/\/physiozentrum-binder.de\/wp-content\/uploads\/2018\/04\/SensoPro-4_RGB-200x300.jpg 200w, https:\/\/physiozentrum-binder.de\/wp-content\/uploads\/2018\/04\/SensoPro-4_RGB-768x1152.jpg 768w, https:\/\/physiozentrum-binder.de\/wp-content\/uploads\/2018\/04\/SensoPro-4_RGB-683x1024.jpg 683w, https:\/\/physiozentrum-binder.de\/wp-content\/uploads\/2018\/04\/SensoPro-4_RGB-1024x1536.jpg 1024w, https:\/\/physiozentrum-binder.de\/wp-content\/uploads\/2018\/04\/SensoPro-4_RGB-720x1080.jpg 720w, https:\/\/physiozentrum-binder.de\/wp-content\/uploads\/2018\/04\/SensoPro-4_RGB.jpg 1344w\" sizes=\"(max-width: 250px) 100vw, 250px\" \/><img loading=\"lazy\" decoding=\"async\" class=\"wp-image-133 alignleft\" src=\"http:\/\/physiozentrum-binder.de\/wp-content\/uploads\/2018\/04\/SensoPro-6_RGB-200x300.jpg\" alt=\"\" width=\"250\" height=\"375\" srcset=\"https:\/\/physiozentrum-binder.de\/wp-content\/uploads\/2018\/04\/SensoPro-6_RGB-200x300.jpg 200w, https:\/\/physiozentrum-binder.de\/wp-content\/uploads\/2018\/04\/SensoPro-6_RGB-768x1152.jpg 768w, https:\/\/physiozentrum-binder.de\/wp-content\/uploads\/2018\/04\/SensoPro-6_RGB-683x1024.jpg 683w, https:\/\/physiozentrum-binder.de\/wp-content\/uploads\/2018\/04\/SensoPro-6_RGB-1024x1536.jpg 1024w, https:\/\/physiozentrum-binder.de\/wp-content\/uploads\/2018\/04\/SensoPro-6_RGB-720x1080.jpg 720w, https:\/\/physiozentrum-binder.de\/wp-content\/uploads\/2018\/04\/SensoPro-6_RGB.jpg 1344w\" sizes=\"(max-width: 250px) 100vw, 250px\" \/><\/p>\n","protected":false},"excerpt":{"rendered":"<p>Computer\u00adunterst\u00fctzte medizinische Trainingstherapie (MTT\/KGG) Um auf akute und chronische Beschwerden des Bewegungsapparates und der Muskulatur einzugehen und zu behandeln, ist neben der klassischen Physiotherapie und Krankengymnastik das medizinische Ger\u00e4tetraining ein sehr wichtiger Therapiebaustein. Medizinisches Ger\u00e4tetraining kann nur von speziell ausgebildeten Fachkr\u00e4ften geleistet werden. Unser medizinisches Ger\u00e4tetraining ist auf Beschwerden des gesamten Bewegungsapparates und der Muskulatur&hellip; <br \/> <a class=\"read-more\" href=\"https:\/\/physiozentrum-binder.de\/index.php\/mesmerize\/geraetetraining\/\">Weiterlesen<\/a><\/p>\n","protected":false},"author":2,"featured_media":0,"parent":41,"menu_order":0,"comment_status":"closed","ping_status":"closed","template":"","meta":{"om_disable_all_campaigns":false,"_monsterinsights_skip_tracking":false,"_monsterinsights_sitenote_active":false,"_monsterinsights_sitenote_note":"","_monsterinsights_sitenote_category":0,"_uf_show_specific_survey":0,"_uf_disable_surveys":false,"footnotes":""},"class_list":["post-187","page","type-page","status-publish","hentry"],"_links":{"self":[{"href":"https:\/\/physiozentrum-binder.de\/index.php\/wp-json\/wp\/v2\/pages\/187"}],"collection":[{"href":"https:\/\/physiozentrum-binder.de\/index.php\/wp-json\/wp\/v2\/pages"}],"about":[{"href":"https:\/\/physiozentrum-binder.de\/index.php\/wp-json\/wp\/v2\/types\/page"}],"author":[{"embeddable":true,"href":"https:\/\/physiozentrum-binder.de\/index.php\/wp-json\/wp\/v2\/users\/2"}],"replies":[{"embeddable":true,"href":"https:\/\/physiozentrum-binder.de\/index.php\/wp-json\/wp\/v2\/comments?post=187"}],"version-history":[{"count":7,"href":"https:\/\/physiozentrum-binder.de\/index.php\/wp-json\/wp\/v2\/pages\/187\/revisions"}],"predecessor-version":[{"id":318,"href":"https:\/\/physiozentrum-binder.de\/index.php\/wp-json\/wp\/v2\/pages\/187\/revisions\/318"}],"up":[{"embeddable":true,"href":"https:\/\/physiozentrum-binder.de\/index.php\/wp-json\/wp\/v2\/pages\/41"}],"wp:attachment":[{"href":"https:\/\/physiozentrum-binder.de\/index.php\/wp-json\/wp\/v2\/media?parent=187"}],"curies":[{"name":"wp","href":"https:\/\/api.w.org\/{rel}","templated":true}]}}