{"id":227,"date":"2018-04-22T13:27:01","date_gmt":"2018-04-22T13:27:01","guid":{"rendered":"http:\/\/physiozentrum-binder.de\/?page_id=227"},"modified":"2018-06-04T20:15:16","modified_gmt":"2018-06-04T20:15:16","slug":"sektoraler-heilpraktiker-beschraenkt-auf-das-fachgebiet-physiotherapie","status":"publish","type":"page","link":"https:\/\/physiozentrum-binder.de\/index.php\/mesmerize\/sektoraler-heilpraktiker-beschraenkt-auf-das-fachgebiet-physiotherapie\/","title":{"rendered":"Sektoraler Heilpraktiker beschr\u00e4nkt auf das Fachgebiet Physiotherapie"},"content":{"rendered":"<p>Als Sektoraler Heilpraktiker f\u00fcr Physiotherapie sind wir befugt, selbstst\u00e4ndig in unserem Bereich die Heilkunde auszu\u00fcben.<\/p>\n<p>Es d\u00fcrfen Krankheiten diagnostiziert und behandelt werden, ohne \u201eRezept\u201c durch einen Arzt.<\/p>\n<p>So k\u00f6nnen Sie schnell und effektiv an Ihren orthop\u00e4dischen\/chirurgischen Problemen arbeiten.<\/p>\n<p>Diese Leistung kann nur Privat abgerechnet werden.<\/p>\n<p>Sprechen Sie uns gerne dazu an!<\/p>\n<p><img loading=\"lazy\" decoding=\"async\" class=\"alignnone wp-image-96\" src=\"http:\/\/physiozentrum-binder.de\/wp-content\/uploads\/2018\/04\/Beratung-1_RGB-1-300x200.jpg\" alt=\"\" width=\"401\" height=\"267\" srcset=\"https:\/\/physiozentrum-binder.de\/wp-content\/uploads\/2018\/04\/Beratung-1_RGB-1-300x200.jpg 300w, https:\/\/physiozentrum-binder.de\/wp-content\/uploads\/2018\/04\/Beratung-1_RGB-1-768x512.jpg 768w, https:\/\/physiozentrum-binder.de\/wp-content\/uploads\/2018\/04\/Beratung-1_RGB-1-1024x683.jpg 1024w, https:\/\/physiozentrum-binder.de\/wp-content\/uploads\/2018\/04\/Beratung-1_RGB-1-1619x1080.jpg 1619w\" sizes=\"(max-width: 401px) 100vw, 401px\" \/><\/p>\n","protected":false},"excerpt":{"rendered":"<p>Als Sektoraler Heilpraktiker f\u00fcr Physiotherapie sind wir befugt, selbstst\u00e4ndig in unserem Bereich die Heilkunde auszu\u00fcben. Es d\u00fcrfen Krankheiten diagnostiziert und behandelt werden, ohne \u201eRezept\u201c durch einen Arzt. So k\u00f6nnen Sie schnell und effektiv an Ihren orthop\u00e4dischen\/chirurgischen Problemen arbeiten. Diese Leistung kann nur Privat abgerechnet werden. Sprechen Sie uns gerne dazu an!<\/p>\n","protected":false},"author":2,"featured_media":0,"parent":41,"menu_order":0,"comment_status":"closed","ping_status":"closed","template":"","meta":{"om_disable_all_campaigns":false,"_monsterinsights_skip_tracking":false,"_monsterinsights_sitenote_active":false,"_monsterinsights_sitenote_note":"","_monsterinsights_sitenote_category":0,"_uf_show_specific_survey":0,"_uf_disable_surveys":false,"footnotes":""},"class_list":["post-227","page","type-page","status-publish","hentry"],"_links":{"self":[{"href":"https:\/\/physiozentrum-binder.de\/index.php\/wp-json\/wp\/v2\/pages\/227"}],"collection":[{"href":"https:\/\/physiozentrum-binder.de\/index.php\/wp-json\/wp\/v2\/pages"}],"about":[{"href":"https:\/\/physiozentrum-binder.de\/index.php\/wp-json\/wp\/v2\/types\/page"}],"author":[{"embeddable":true,"href":"https:\/\/physiozentrum-binder.de\/index.php\/wp-json\/wp\/v2\/users\/2"}],"replies":[{"embeddable":true,"href":"https:\/\/physiozentrum-binder.de\/index.php\/wp-json\/wp\/v2\/comments?post=227"}],"version-history":[{"count":2,"href":"https:\/\/physiozentrum-binder.de\/index.php\/wp-json\/wp\/v2\/pages\/227\/revisions"}],"predecessor-version":[{"id":229,"href":"https:\/\/physiozentrum-binder.de\/index.php\/wp-json\/wp\/v2\/pages\/227\/revisions\/229"}],"up":[{"embeddable":true,"href":"https:\/\/physiozentrum-binder.de\/index.php\/wp-json\/wp\/v2\/pages\/41"}],"wp:attachment":[{"href":"https:\/\/physiozentrum-binder.de\/index.php\/wp-json\/wp\/v2\/media?parent=227"}],"curies":[{"name":"wp","href":"https:\/\/api.w.org\/{rel}","templated":true}]}}