{"id":41,"date":"2018-04-11T08:20:09","date_gmt":"2018-04-11T08:20:09","guid":{"rendered":"http:\/\/physiozentrum-binder.de\/index.php\/mesmerize\/"},"modified":"2026-02-08T15:43:37","modified_gmt":"2026-02-08T15:43:37","slug":"mesmerize","status":"publish","type":"page","link":"https:\/\/physiozentrum-binder.de\/","title":{"rendered":"Startseite"},"content":{"rendered":"<div  id=\"willkommen\" class=\"about-1 content-section content-section-spacing\" style=\"background-color: #f5fafd;\" data-label=\"Willkommen\" data-id=\"about-1\" data-export-id=\"about-1\" data-category=\"about\">\n<div  class=\"gridContainer\">\n<div  class=\"row text-center\">\n<div  class=\"section-title-col\" data-type=\"column\">\n<h2  class=\"\">Willkommen<\/h2>\n<p  class=\"\">Seit \u00fcber drei Jahrzehnten ist unser Physiotherapie &amp; Rehazentrum ein vertrauensw\u00fcrdiger Partner f\u00fcr Gesundheit.\n<br >Als Familienbetrieb liegt uns die individuelle Betreuung und das Wohlergehen unserer Patienten besonders am Herzen.\n<br >Unsere langj\u00e4hrige Erfahrung in der Physiotherapie und Rehabilitation erm\u00f6glichen es uns, ma\u00dfgeschneiderte L\u00f6sungen anzubieten.&nbsp;<\/p>\n\n\n\n<h3  class=\"\">*********************************************************************\n<br >Physiotherapeut (m\/w\/d) gesucht<\/h3>\n<a class=\"link\" href=\"https:\/\/physiozentrum-binder.de\/index.php\/physiotherapeut-m-w-d-gesucht\" target=\"_self\" rel=\"noopener\" data-cp-link=\"1\">Weitere Infos<\/a>\n\n<h3  class=\"\">*********************************************************************<\/h3><p  class=\"\"><a class=\"button color1\" href=\"https:\/\/physiozentrum-binder.de\/index.php\/ueber-uns\" target=\"_self\" rel=\"noopener noreferrer\" data-cp-link=\"1\"><span  style=\"color: #ffffff;\">\u00dcber uns<\/span><\/a><span  style=\"color: #ffffff;\"><a class=\"button blue\" style=\"color: #ffffff;\" href=\"https:\/\/physiozentrum-binder.de\/index.php\/unser-praxisteam\" target=\"_self\" rel=\"noopener noreferrer\" data-cp-link=\"1\">Unser Praxisteam<\/a><a class=\"button blue\" style=\"color: #ffffff;\" href=\"https:\/\/physiozentrum-binder.de\/index.php\/unsere-raeumlichkeiten\" target=\"_self\" rel=\"noopener noreferrer\" data-cp-link=\"1\">Unsere R\u00e4umlichkeiten<\/a><a class=\"button blue\" style=\"color: #ffffff;\" href=\"https:\/\/www.google.de\/maps\/place\/Schillerstra\u00dfe 13, 72202 Nagold\/@48.5483482,8.7245038,17z\/data=!3m1!4b1!4m5!3m4!1s0x4797500aba135085:0xe04fb185f414715e!8m2!3d48.5483482!4d8.7266925\" target=\"_blank\" rel=\"noopener noreferrer\" data-cp-link=\"1\">Anfahrt<\/a><a class=\"button blue\" style=\"color: #ffffff;\" href=\"https:\/\/physiozentrum-binder.de\/index.php\/oeffnungszeiten\" target=\"_self\" rel=\"noopener noreferrer\" data-cp-link=\"1\">\u00d6ffnungszeiten<\/a><\/span><\/p>\n\n\n<\/div>\n<\/div>\n<div  class=\"row\">\n<div  class=\"col-xs bottom-xs flexbox image-group-bottom-3-img space-bottom-xs center-xs\"><img  decoding=\"async\" class=\"left-img shadow-large-black\" src=\"https:\/\/physiozentrum-binder.de\/wp-content\/uploads\/2018\/04\/cropped-Trainingsraum-1OG_3_RGB-1.jpg\" data-size=\"500x300\"> <a  class=\"center-img-anchor\" href=\"#\" data-cp-link=\"1\"><img  decoding=\"async\" class=\"center-img shadow-large-black\" src=\"https:\/\/physiozentrum-binder.de\/wp-content\/uploads\/2018\/04\/Empfang-5_RGB.jpg\" data-size=\"500x300\"><\/a> <img  decoding=\"async\" class=\"right-img shadow-large-black\" src=\"https:\/\/physiozentrum-binder.de\/wp-content\/uploads\/2018\/04\/cropped-Empfang-3_RGB-1.jpg\" data-size=\"500x300\"><\/div>\n<\/div>\n<\/div>\n<\/div><div  id=\"leistungen\" class=\"features-12-card-bordered content-section content-section-spacing \" style=\"background-color: #ffffff; background-image: none;\" data-label=\"Leistungen\" data-id=\"features-12-card-bordered\" data-export-id=\"features-12-card-bordered\" data-category=\"features\">\n<div  class=\"gridContainer\">\n<div  class=\"row text-center\">\n<div  class=\"section-title-col\" data-type=\"column\">\n<h2  class=\"\">Leistungen<\/h2>\n<p  class=\"lead\">Alle hier aufgef\u00fchrten Konzepte und Methoden werden von unseren Therapeuten beherrscht und individuell \u2013 je nach Erfordernis \u2013 am Patienten angewendet, nach \u00e4rztlicher Verordnung bei gesetzlich und privat Versicherten oder ohne \u00e4rztliche Verordnung mit einer entsprechenden Privatverordnung durch einen Heilpraktiker oder Heilpraktiker \u2013 Fachbereich Physiotherapie.<\/p>\n\n<\/div>\n<\/div>\n<div  class=\"row spaced-cols\" data-type=\"row\">\n<div  class=\"col-sm-6\">\n<div  class=\"card row-card bordered y-move\">\n<div  class=\"row\">\n<div  class=\"col-sm-fit icon-column\"><\/div>\n<div  class=\"col-sm\" data-type=\"column\">\n<h5  class=\"color2\">Behandlungen<\/h5>\n<p  class=\"\">Von Manueller Therapie \u00fcber Krankengymnastik bis hin zur Massagetherapie.\nSehen Sie hier unser komplettes Leistungsspektrum:<\/p>\n<p  class=\"\"><a class=\"button blue\" href=\"https:\/\/physiozentrum-binder.de\/index.php\/behandlungen\" target=\"_self\" rel=\"noopener noreferrer\" data-cp-link=\"1\"><span  style=\"color: #ffffff;\">Behandlungen<\/span><\/a><\/p>\n\n<\/div>\n<\/div>\n<\/div>\n<\/div>\n<div  class=\"col-sm-6\">\n<div  class=\"card row-card bordered y-move\">\n<div  class=\"row\">\n<div  class=\"col-sm-fit icon-column\"><\/div>\n<div  class=\"col-sm\" data-type=\"column\">\n<h5  class=\"color2\">Besondere Leistungen<\/h5>\n<a class=\"button blue\" href=\"https:\/\/physiozentrum-binder.de\/index.php\/mesmerize\/schmerzbehandlung-neurologie\" target=\"_self\" rel=\"noopener\" data-cp-link=\"1\">Schmerzbehandlung \/ Neurologie<\/a><a class=\"button blue\" href=\"https:\/\/physiozentrum-binder.de\/index.php\/mesmerize\/polyneuropathie\" target=\"_self\" rel=\"noopener\" data-cp-link=\"1\">Polyneuropathie<\/a>\n\n<\/div>\n<\/div>\n<\/div>\n<\/div>\n<div  class=\"col-sm-6\">\n<div  class=\"card row-card bordered y-move\">\n<div  class=\"row\">\n<div  class=\"col-sm-fit icon-column\"><\/div>\n<div  class=\"col-sm\" data-type=\"column\">\n<h5  class=\"color2\">Beratung<\/h5>\n<p  class=\"\">Kompetente Beratung ist der erste Schritt zum besseren Verst\u00e4ndnis und somit zur Heilung.\nZ\u00f6gern Sie nicht uns auf Ihre Beschwerden anzusprechen.<\/p>\n<p  class=\"\"><a class=\"button blue\" href=\"https:\/\/physiozentrum-binder.de\/index.php\/mesmerize\/#kontakt\" target=\"_self\" rel=\"noopener noreferrer\" data-cp-link=\"1\"><span  style=\"color: #ffffff;\">Terminvereinbarung<\/span><\/a><\/p>\n\n<\/div>\n<\/div>\n<\/div>\n<\/div>\n<div  class=\"col-sm-6\">\n<div  class=\"card row-card bordered y-move\">\n<div  class=\"row\">\n<div  class=\"col-sm-fit icon-column\"><\/div>\n<div  class=\"col-sm\" data-type=\"column\">\n<h5  class=\"color2\">Ger\u00e4tetraining<\/h5>\n<p  class=\"\">In unseren R\u00e4umlichkeiten bieten wir hochmoderene, computerunterst\u00fctzte Trainingsger\u00e4te.\nErfahren Sie hier mehr dazu und werfen einen Blick in unseren Ger\u00e4teraum<\/p>\n<p  class=\"\"><span  style=\"color: #ffffff;\"><a class=\"button blue\" style=\"color: #ffffff;\" href=\"https:\/\/physiozentrum-binder.de\/index.php\/geraetetraining\" target=\"_self\" rel=\"noopener noreferrer\" data-cp-link=\"1\">Ger\u00e4tetraining<\/a><\/span><\/p>\n\n<\/div>\n<\/div>\n<\/div>\n<\/div>\n<div  class=\"col-sm-6\">\n<div  class=\"card row-card bordered y-move\">\n<div  class=\"row\">\n<div  class=\"col-sm-fit icon-column\"><\/div>\n<div  class=\"col-sm\" data-type=\"column\">\n<h5  class=\"color2\">Kursprogramm<\/h5>\n<p  class=\"\">Finden Sie hier unser komplettes Kursprogramm.<\/p>\n<p  class=\"\"><a class=\"button blue\" href=\"https:\/\/physiozentrum-binder.de\/index.php\/mesmerize\/kursprogramm-2\" target=\"_self\" rel=\"noopener noreferrer\" data-cp-link=\"1\"><span  style=\"color: #ffffff;\">Kursprogramm<\/span><\/a><\/p>\n\n<\/div>\n<\/div>\n<\/div>\n<\/div>\n<div  class=\"col-sm-6\">\n<div  class=\"card row-card bordered y-move\">\n<div  class=\"row\">\n<div  class=\"col-sm-fit icon-column\"><\/div>\n<div  class=\"col-sm\" data-type=\"column\">\n<h5  class=\"color2\">Sektoraler Heilpraktiker\nbeschr\u00e4nkt auf das Fachgebiet Physiotherapie<\/h5>\n<p  class=\"\"><span  style=\"color: #ffffff;\"><a class=\"button blue\" style=\"color: #ffffff;\" href=\"https:\/\/physiozentrum-binder.de\/index.php\/sektoraler-heilpraktiker-beschraenkt-auf-das-fachgebiet-physiotherapie\" target=\"_self\" rel=\"noopener noreferrer\" data-cp-link=\"1\">Mehr Informationen<\/a><\/span><\/p>\n\n<\/div>\n<\/div>\n<\/div>\n<\/div>\n\n<div  class=\"col-sm-6\">\n<div  class=\"card row-card bordered y-move\">\n<div  class=\"row\">\n<div  class=\"col-sm-fit icon-column\"><\/div>\n<div  class=\"col-sm\" data-type=\"column\">\n<h5  class=\"color2\">Informationen f\u00fcr\n\u00c4rzte\/\u00c4rztinnen<\/h5>\n<p  class=\"\"><a class=\"button blue\" href=\"https:\/\/physiozentrum-binder.de\/index.php\/informationen-fuer-aerzte-aerztinnen\" target=\"_self\" rel=\"noopener noreferrer\" data-cp-link=\"1\"><span  style=\"color: #ffffff;\">Mehr Informationen<\/span><\/a><\/p>\n\n<\/div>\n<\/div>\n<\/div>\n<\/div>\n<\/div>\n<\/div>\n<\/div><div  id=\"neuigkeiten\" class=\"blog-section content-section content-section-spacing\" style=\"background-color: #f5fafd;\" data-label=\"Neuigkeiten\" data-id=\"blog-section\" data-export-id=\"blog-section\" data-category=\"latest_news\">\n<div  class=\"gridContainer\">\n<div  class=\"row\">\n<div  class=\"section-title-col\" data-type=\"column\">\n<h2  class=\"\">Neuigkeiten<\/h2>\n<\/div>\n<\/div>\n<div  class=\"row\">\n<div  data-type=\"row\" data-dynamic-columns=\"handled\" data-content-shortcode=\"mesmerize_latest_news\">\t\t<div class=\"row center-sm content-left-sm\">\n\t\t\t\t\t<div id=\"post-749\" class=\"col-sm-6 col-md-4 space-bottom space-bottom-xs\">\n\t\t\t\t<div class=\"post-content card y-move bordered\">\n\t\t\t\t\t<div class=\"post-thumbnail\">\n   <a href=\"https:\/\/physiozentrum-binder.de\/index.php\/physiotherapeut-m-w-d-gesucht\/\" class=\"post-list-item-thumb \">\n      \n            <svg class=\"mesmerize-post-list-item-thumb-placeholder\" width=\"890\" height=\"580\" viewBox=\"0 0 890 580\"\n         preserveAspectRatio=\"none\">\n         <rect width=\"890\" height=\"580\" style=\"fill:#FF9800;\"><\/rect>\n      <\/svg>\n               <\/a>\n<\/div>\n\t\t\t\t\t<div class=\"col-padding col-padding-xs\">\n\t\t\t\t\t\t<h3 class=\"post-title space-bottom-small\">\n\t\t\t\t\t\t\t<a href=\"https:\/\/physiozentrum-binder.de\/index.php\/physiotherapeut-m-w-d-gesucht\/\" rel=\"bookmark\">\n\t\t\t\t\t\t\t\tWerde Teil unseres Teams \u2013 Physiotherapeut*in (m\/w\/d) gesucht!\t\t\t\t\t\t\t<\/a>\n\t\t\t\t\t\t<\/h3>\n\t\t\t\t\t\t<p>Du bist Physiotherapeut*in und suchst nach einer neuen beruflichen Herausforderung?Bei uns kannst du nicht nur deine Fachkenntnisse erweitern, sondern auch mit einem engagierten Team zusammenarbeiten. Du behandelst bei uns Patienten[&hellip;]<\/p>\n\t\t\t\t\t\t<a class=\"read-more link\" href=\"https:\/\/physiozentrum-binder.de\/index.php\/physiotherapeut-m-w-d-gesucht\/\">\n\t\t\t\t\t\t\tLesen Sie weiter\t\t\t\t\t\t<\/a>\n\t\t\t\t\t<\/div>\n\t\t\t\t<\/div>\n\t\t\t<\/div>\n\t\t\t\t\t\t<div id=\"post-424\" class=\"col-sm-6 col-md-4 space-bottom space-bottom-xs\">\n\t\t\t\t<div class=\"post-content card y-move bordered\">\n\t\t\t\t\t<div class=\"post-thumbnail\">\n   <a href=\"https:\/\/physiozentrum-binder.de\/index.php\/unternehmenspraesentation\/\" class=\"post-list-item-thumb \">\n      \n            <svg class=\"mesmerize-post-list-item-thumb-placeholder\" width=\"890\" height=\"580\" viewBox=\"0 0 890 580\"\n         preserveAspectRatio=\"none\">\n         <rect width=\"890\" height=\"580\" style=\"fill:#FF9800;\"><\/rect>\n      <\/svg>\n               <\/a>\n<\/div>\n\t\t\t\t\t<div class=\"col-padding col-padding-xs\">\n\t\t\t\t\t\t<h3 class=\"post-title space-bottom-small\">\n\t\t\t\t\t\t\t<a href=\"https:\/\/physiozentrum-binder.de\/index.php\/unternehmenspraesentation\/\" rel=\"bookmark\">\n\t\t\t\t\t\t\t\tUnternehmens&shy;pr\u00e4sentation\t\t\t\t\t\t\t<\/a>\n\t\t\t\t\t\t<\/h3>\n\t\t\t\t\t\t<p>Hier finden Sie unsere Unternehmenspr\u00e4sentation in einem kurzen, aussagekr\u00e4ftigen Video. Wir danken Delsi-Media f\u00fcr die tolle und professionelle Zusammenarbeit.<\/p>\n\t\t\t\t\t\t<a class=\"read-more link\" href=\"https:\/\/physiozentrum-binder.de\/index.php\/unternehmenspraesentation\/\">\n\t\t\t\t\t\t\tLesen Sie weiter\t\t\t\t\t\t<\/a>\n\t\t\t\t\t<\/div>\n\t\t\t\t<\/div>\n\t\t\t<\/div>\n\t\t\t\t<\/div>\n\t<\/div>\n<\/div>\n<div  class=\"row\">\n<div  class=\"text-center\"><a class=\"button color1\" href=\"https:\/\/physiozentrum-binder.de\/?post_type=post\" target=\"_self\" rel=\"noopener noreferrer\" data-attr-shortcode=\"href:mesmerize_blog_link\">Zeige alle Eintr\u00e4ge<\/a><\/div>\n<\/div>\n<\/div>\n<\/div><div  id=\"kontakt\" class=\"contact-1 content-section content-section-spacing white-text\" style=\"background-image: url('https:\/\/physiozentrum-binder.de\/wp-content\/uploads\/2018\/04\/Empfang-2_RGB-1.jpg'); background-size: cover; background-position: center top;\" data-label=\"Kontakt\" data-id=\"contact-1\" data-export-id=\"contact-1\" data-category=\"contact\" data-parallax-depth=\"20\">\n<div  class=\"gridContainer\">\n<div  class=\"row text-center\">\n<div  class=\"section-title-col\" data-type=\"column\">\n<h2  class=\"\">Kontakt<\/h2>\n<p  class=\"lead\">Bitte beachten:\n<br >Terminvereinbarungen werden ausschlie\u00dflich telefonisch vorgenommen!<\/p><\/div>\n<\/div>\n<div  class=\"row text-center\">\n<div  class=\"col-xs-12 col-sm-8 col-sm-offset-2 contact-form-wrapper inline-info\">\n<div  class=\"card large-padding\">\n<div  class=\"\" data-content-shortcode=\"mesmerize_contact_form shortcode=&quot;contact-form-7 id=&amp;amp;quot;42&amp;amp;quot; title=&amp;amp;quot;Kontaktformular 1&amp;amp;quot;&quot;\" data-editable=\"true\"><div role=\"form\" class=\"wpcf7\" id=\"wpcf7-f42-o1\" lang=\"de-DE\" dir=\"ltr\">\n<div class=\"screen-reader-response\"><p role=\"status\" aria-live=\"polite\" aria-atomic=\"true\"><\/p> <ul><\/ul><\/div>\n<form action=\"\/index.php\/wp-json\/wp\/v2\/pages\/41#wpcf7-f42-o1\" method=\"post\" class=\"wpcf7-form init wpcf7-acceptance-as-validation\" novalidate=\"novalidate\" data-status=\"init\">\n<div style=\"display: none;\">\n<input type=\"hidden\" name=\"_wpcf7\" value=\"42\" \/>\n<input type=\"hidden\" name=\"_wpcf7_version\" value=\"5.6.4\" \/>\n<input type=\"hidden\" name=\"_wpcf7_locale\" value=\"de_DE\" \/>\n<input type=\"hidden\" name=\"_wpcf7_unit_tag\" value=\"wpcf7-f42-o1\" \/>\n<input type=\"hidden\" name=\"_wpcf7_container_post\" value=\"0\" \/>\n<input type=\"hidden\" name=\"_wpcf7_posted_data_hash\" value=\"\" \/>\n<\/div>\n<p><label> Dein Name<br \/>\n(Pflichtfeld)<br \/>\n    <span class=\"wpcf7-form-control-wrap\" data-name=\"your-name\"><input type=\"text\" name=\"your-name\" value=\"\" size=\"40\" class=\"wpcf7-form-control wpcf7-text wpcf7-validates-as-required\" aria-required=\"true\" aria-invalid=\"false\" \/><\/span> <\/label><span id=\"wpcf7-69d942680cd02-wrapper\" class=\"wpcf7-form-control-wrap company-wrap\" ><label for=\"wpcf7-69d942680cd02-field\" class=\"hp-message\">Bitte lasse dieses Feld leer.<\/label><input id=\"wpcf7-69d942680cd02-field\"  class=\"wpcf7-form-control wpcf7-text\" type=\"text\" name=\"company\" value=\"\" size=\"40\" tabindex=\"-1\" autocomplete=\"new-password\" \/><\/span><\/p>\n<p><label> Deine E-Mail-Adresse<br \/>\n(Pflichtfeld)<br \/>\n    <span class=\"wpcf7-form-control-wrap\" data-name=\"your-email\"><input type=\"email\" name=\"your-email\" value=\"\" size=\"40\" class=\"wpcf7-form-control wpcf7-text wpcf7-email wpcf7-validates-as-required wpcf7-validates-as-email\" aria-required=\"true\" aria-invalid=\"false\" \/><\/span> <\/label><\/p>\n<p><label> Betreff<br \/>\n    <span class=\"wpcf7-form-control-wrap\" data-name=\"your-subject\"><input type=\"text\" name=\"your-subject\" value=\"\" size=\"40\" class=\"wpcf7-form-control wpcf7-text\" aria-invalid=\"false\" \/><\/span> <\/label><span id=\"wpcf7-69d942680cdde-wrapper\" class=\"wpcf7-form-control-wrap subject-wrap\" ><label for=\"wpcf7-69d942680cdde-field\" class=\"hp-message\">Bitte lasse dieses Feld leer.<\/label><input id=\"wpcf7-69d942680cdde-field\"  class=\"wpcf7-form-control wpcf7-text\" type=\"text\" name=\"subject\" value=\"\" size=\"40\" tabindex=\"-1\" autocomplete=\"new-password\" \/><\/span><\/p>\n<p><label> Deine Nachricht<br \/>\n    <span class=\"wpcf7-form-control-wrap\" data-name=\"your-message\"><textarea name=\"your-message\" cols=\"40\" rows=\"10\" maxlength=\"500\" minlength=\"10\" class=\"wpcf7-form-control wpcf7-textarea\" aria-invalid=\"false\"><\/textarea><\/span> <\/label><span id=\"wpcf7-69d942680cf1c-wrapper\" class=\"wpcf7-form-control-wrap message-wrap\" ><label for=\"wpcf7-69d942680cf1c-field\" class=\"hp-message\">Bitte lasse dieses Feld leer.<\/label><input id=\"wpcf7-69d942680cf1c-field\"  class=\"wpcf7-form-control wpcf7-text\" type=\"text\" name=\"message\" value=\"\" size=\"40\" tabindex=\"-1\" autocomplete=\"new-password\" \/><\/span><\/p>\n<p><label class=\"label\">Spamschutz <em>*<\/em><\/label><br \/>\n<input type=\"hidden\" name=\"_wpcf7_captcha_challenge_captcha\" value=\"1721711427\" \/><img loading=\"lazy\" decoding=\"async\" class=\"wpcf7-form-control wpcf7-captchac wpcf7-captcha-captcha\" width=\"84\" height=\"28\" alt=\"captcha\" src=\"https:\/\/physiozentrum-binder.de\/wp-content\/uploads\/wpcf7_captcha\/1721711427.png\" \/><br \/>\n<label class=\"input\"><span class=\"wpcf7-form-control-wrap\" data-name=\"captcha\"><input type=\"text\" name=\"captcha\" value=\"\" size=\"4\" maxlength=\"4\" class=\"wpcf7-form-control wpcf7-captchar\" autocomplete=\"off\" aria-invalid=\"false\" \/><\/span><\/label><\/p>\n<p><span class=\"wpcf7-form-control-wrap\" data-name=\"acceptance-499\"><span class=\"wpcf7-form-control wpcf7-acceptance\"><span class=\"wpcf7-list-item\"><label><input type=\"checkbox\" name=\"acceptance-499\" value=\"1\" aria-invalid=\"false\" \/><span class=\"wpcf7-list-item-label\">Sie erkl\u00e4ren Sich damit einverstanden, dass Ihre Daten zur Bearbeitung Ihres Anliegens verwendet werden. Weitere Informationen und Widerrufshinweise finden Sie in der <a href=\"https:\/\/physiozentrum-binder.de\/index.php\/mesmerize\/datenschutzerklaerung\/\">Datenschutzerkl\u00e4rung<\/a><\/span><\/label><\/span><\/span><\/span>.<\/p>\n<p><input type=\"submit\" value=\"Senden\" class=\"wpcf7-form-control has-spinner wpcf7-submit\" \/><\/p>\n<div class=\"wpcf7-response-output\" aria-hidden=\"true\"><\/div><\/form><\/div><\/div>\n<\/div>\n<\/div>\n<\/div>\n<\/div>\n<\/div><div  id=\"impressum\" class=\"content-12 content-section content-section-spacing\" style=\"background-color: #f5fafd;\" data-label=\"Impressum\" data-id=\"content-12\" data-export-id=\"content-12\" data-category=\"content\">\n<div  class=\"gridContainer\">\n<div  class=\"row text-center\">\n<div  class=\"section-title-col\" data-type=\"column\">\n<h2  class=\"\">Impressum<\/h2>\n<p  class=\"lead\">Physiotherapie &amp; Rehazentrum\nRaymond Binder M.Sc.<\/p>\n<p  class=\"lead\">Schillerstr. 13<\/p>\n<p  class=\"lead\">72202 Nagold<\/p>\n<p  class=\"lead\">Tel.: 07452 \/ 6003933<\/p>\n<p  class=\"lead\">Fax: 07452 \/ 6809168<\/p>\n<p  class=\"lead\">E-mail: info@physiozentrum-binder.de<\/p>\n<p  class=\"lead\">Berufsbezeichnung: Physiotherapeut\n\n<br >Zust\u00e4ndige Aufsichtsbeh\u00f6rde: Regierungspr\u00e4sidium Karlsruhe<\/p>\n<p  class=\"lead\">Heilmittelerbringer sind von der Umsatzsteuer befreit, soweit sie steuerfreie Leistungen nach \u00a7 4 Nr. 14 UStG erbringen.<\/p>\n<p  class=\"lead\">Es gelten folgende berufsrechtliche Regelungen:\n\nMPhG: Gesetz \u00fcber die Berufe in der Physiotherapie<\/p>\n<p  class=\"lead\">Regelungen einsehbar unter:\nPhysTh-APrV: Ausbildungs- und Pr\u00fcfungsverordnung f\u00fcr Physiotherapeuten<\/p>\n<p  class=\"lead\">Hinweis zur Streitbeilegung:\n<br >Wir sind nicht bereit oder verpflichtet, an Streitbeilegungsverfahren vor einer Verbraucherschlichtungsstelle teilzunehmen.<\/p><p  class=\"\"><a class=\"button blue\" href=\"https:\/\/physiozentrum-binder.de\/index.php\/haftungsausschluss\" target=\"_self\" rel=\"noopener noreferrer\" data-cp-link=\"1\"><span  style=\"color: #ffffff;\">Haftungsausschluss<\/span><\/a><a class=\"button blue\" href=\"https:\/\/physiozentrum-binder.de\/index.php\/datenschutzerklaerung\" target=\"_self\" rel=\"noopener noreferrer\" data-cp-link=\"1\"><span  style=\"color: #ffffff;\">Datenschutzerkl\u00e4rung<\/span><\/a><\/p>\n\n<\/div>\n<\/div>\n<div  class=\"row center-xs middle-xs\">\n<div  class=\"col-sm-9\" data-type=\"column\"><\/div>\n<\/div>\n<\/div>\n<\/div>","protected":false},"excerpt":{"rendered":"<p>Willkommen Seit \u00fcber drei Jahrzehnten ist unser Physiotherapie &amp; Rehazentrum ein vertrauensw\u00fcrdiger Partner f\u00fcr Gesundheit. Als Familienbetrieb liegt uns die individuelle Betreuung und das Wohlergehen unserer Patienten besonders am Herzen. Unsere langj\u00e4hrige Erfahrung in der Physiotherapie und Rehabilitation erm\u00f6glichen es uns, ma\u00dfgeschneiderte L\u00f6sungen anzubieten.&nbsp; ********************************************************************* Physiotherapeut (m\/w\/d) gesucht Weitere Infos *********************************************************************\u00dcber unsUnser PraxisteamUnsere R\u00e4umlichkeitenAnfahrt\u00d6ffnungszeiten Leistungen&hellip; <br \/> <a class=\"read-more\" href=\"https:\/\/physiozentrum-binder.de\/index.php\/unternehmenspraesentation\/\">Weiterlesen<\/a><\/p>\n","protected":false},"author":1,"featured_media":0,"parent":0,"menu_order":0,"comment_status":"closed","ping_status":"closed","template":"page-templates\/homepage.php","meta":{"om_disable_all_campaigns":false,"_monsterinsights_skip_tracking":false,"_monsterinsights_sitenote_active":false,"_monsterinsights_sitenote_note":"","_monsterinsights_sitenote_category":0,"_uf_show_specific_survey":0,"_uf_disable_surveys":false,"footnotes":""},"class_list":["post-41","page","type-page","status-publish","hentry"],"_links":{"self":[{"href":"https:\/\/physiozentrum-binder.de\/index.php\/wp-json\/wp\/v2\/pages\/41"}],"collection":[{"href":"https:\/\/physiozentrum-binder.de\/index.php\/wp-json\/wp\/v2\/pages"}],"about":[{"href":"https:\/\/physiozentrum-binder.de\/index.php\/wp-json\/wp\/v2\/types\/page"}],"author":[{"embeddable":true,"href":"https:\/\/physiozentrum-binder.de\/index.php\/wp-json\/wp\/v2\/users\/1"}],"replies":[{"embeddable":true,"href":"https:\/\/physiozentrum-binder.de\/index.php\/wp-json\/wp\/v2\/comments?post=41"}],"version-history":[{"count":80,"href":"https:\/\/physiozentrum-binder.de\/index.php\/wp-json\/wp\/v2\/pages\/41\/revisions"}],"predecessor-version":[{"id":794,"href":"https:\/\/physiozentrum-binder.de\/index.php\/wp-json\/wp\/v2\/pages\/41\/revisions\/794"}],"wp:attachment":[{"href":"https:\/\/physiozentrum-binder.de\/index.php\/wp-json\/wp\/v2\/media?parent=41"}],"curies":[{"name":"wp","href":"https:\/\/api.w.org\/{rel}","templated":true}]}}