{"id":626,"date":"2022-05-15T18:39:12","date_gmt":"2022-05-15T18:39:12","guid":{"rendered":"https:\/\/physiozentrum-binder.de\/?page_id=626"},"modified":"2022-06-16T20:57:09","modified_gmt":"2022-06-16T20:57:09","slug":"schmerzbehandlung-neurologie","status":"publish","type":"page","link":"https:\/\/physiozentrum-binder.de\/index.php\/mesmerize\/schmerzbehandlung-neurologie\/","title":{"rendered":"Schmerzbehandlung \/ Neurologie"},"content":{"rendered":"\n<p>Die Behandlung chronischer Schmerzpatienten, im Besonderen\u00a0neurologisch chronisch erkrankter Patienten, ist oftmals schwierig in vielerlei Hinsicht.<br><br>Wir als Team hier in unserer Praxis m\u00f6chten dazu beitragen, dass Sie als Patient Kompetenz erfahren in der Behandlung von chronischen, aber auch akuten Erkrankungen.<\/p>\n\n\n\n<p>Wir informieren Sie \u00fcber die neurobiologisch wissenschaftlich fundierten Hintergr\u00fcnde, psychosomatischen Zusammenh\u00e4nge und die dann folgende praktische physiotherapeutische Umsetzung.<\/p>\n\n\n\n<p>Dabei geht es um Krankheitsbilder wie z.B.<\/p>\n\n\n\n<ul class=\"wp-block-list\"><li>alle Formen von Polyneuropathien<\/li><li>zentrale neurologische St\u00f6rungen<\/li><li>neurologisch-muskul\u00e4re St\u00f6rungen<\/li><li>Fibromyalgie<\/li><li>chronische R\u00fcckenschmerzen, degenerativ und\/oder neurologischen Ursprungs<\/li><li>somatoforme St\u00f6rungen<\/li><li>craniomandibul\u00e4re Dysfunktionen<\/li><li>etc.<\/li><\/ul>\n\n\n\n<p>Unsere Therapeuten besitzen eine besondere Ausbildung und Expertise im Hinblick auf chronischen Schmerz und arbeiten interdisziplin\u00e4r mit \u00c4rzten, Fachzentren und Kliniken zusammen. Zudem sind sie akademisch auf dem Gebiet ausgebildet, was die wissenschaftliche Arbeit und Recherche erleichtert.<br><br>Die Therapeuten sind zudem von der IGPS (Interdisziplin\u00e4re Gesellschaft f\u00fcr Psychosomatische <em>Schmerztherapie)<\/em> und dem VPT zertifiziert und erwerben durch diese Ausbildung eine spezielle Schmerzexpertise.<\/p>\n","protected":false},"excerpt":{"rendered":"<p>Die Behandlung chronischer Schmerzpatienten, im Besonderen\u00a0neurologisch chronisch erkrankter Patienten, ist oftmals schwierig in vielerlei Hinsicht. Wir als Team hier in unserer Praxis m\u00f6chten dazu beitragen, dass Sie als Patient Kompetenz erfahren in der Behandlung von chronischen, aber auch akuten Erkrankungen. Wir informieren Sie \u00fcber die neurobiologisch wissenschaftlich fundierten Hintergr\u00fcnde, psychosomatischen Zusammenh\u00e4nge und die dann folgende&hellip; <br \/> <a class=\"read-more\" href=\"https:\/\/physiozentrum-binder.de\/index.php\/mesmerize\/schmerzbehandlung-neurologie\/\">Weiterlesen<\/a><\/p>\n","protected":false},"author":2,"featured_media":0,"parent":41,"menu_order":0,"comment_status":"closed","ping_status":"closed","template":"","meta":{"om_disable_all_campaigns":false,"_monsterinsights_skip_tracking":false,"_monsterinsights_sitenote_active":false,"_monsterinsights_sitenote_note":"","_monsterinsights_sitenote_category":0,"_uf_show_specific_survey":0,"_uf_disable_surveys":false,"footnotes":""},"class_list":["post-626","page","type-page","status-publish","hentry"],"_links":{"self":[{"href":"https:\/\/physiozentrum-binder.de\/index.php\/wp-json\/wp\/v2\/pages\/626"}],"collection":[{"href":"https:\/\/physiozentrum-binder.de\/index.php\/wp-json\/wp\/v2\/pages"}],"about":[{"href":"https:\/\/physiozentrum-binder.de\/index.php\/wp-json\/wp\/v2\/types\/page"}],"author":[{"embeddable":true,"href":"https:\/\/physiozentrum-binder.de\/index.php\/wp-json\/wp\/v2\/users\/2"}],"replies":[{"embeddable":true,"href":"https:\/\/physiozentrum-binder.de\/index.php\/wp-json\/wp\/v2\/comments?post=626"}],"version-history":[{"count":4,"href":"https:\/\/physiozentrum-binder.de\/index.php\/wp-json\/wp\/v2\/pages\/626\/revisions"}],"predecessor-version":[{"id":650,"href":"https:\/\/physiozentrum-binder.de\/index.php\/wp-json\/wp\/v2\/pages\/626\/revisions\/650"}],"up":[{"embeddable":true,"href":"https:\/\/physiozentrum-binder.de\/index.php\/wp-json\/wp\/v2\/pages\/41"}],"wp:attachment":[{"href":"https:\/\/physiozentrum-binder.de\/index.php\/wp-json\/wp\/v2\/media?parent=626"}],"curies":[{"name":"wp","href":"https:\/\/api.w.org\/{rel}","templated":true}]}}